{"id":2589,"date":"2025-08-25T12:25:37","date_gmt":"2025-08-25T10:25:37","guid":{"rendered":"https:\/\/castellperelada.atoom.space\/mentions-legales\/"},"modified":"2025-10-20T14:53:04","modified_gmt":"2025-10-20T12:53:04","slug":"mentions-legales","status":"publish","type":"page","link":"https:\/\/castellperelada.atoom.space\/fr\/mentions-legales\/","title":{"rendered":"Mentions l\u00e9gales"},"content":{"rendered":"\t\t<div data-elementor-type=\"wp-page\" data-elementor-id=\"2589\" class=\"elementor elementor-2589 elementor-55\" data-elementor-post-type=\"page\">\n\t\t\t\t<div data-particle_enable=\"false\" data-particle-mobile-disabled=\"false\" class=\"elementor-element elementor-element-ae87c44 e-flex e-con-boxed e-con e-parent\" data-id=\"ae87c44\" data-element_type=\"container\" data-e-type=\"container\" data-settings=\"{&quot;background_background&quot;:&quot;classic&quot;}\">\n\t\t\t\t\t<div class=\"e-con-inner\">\n\t\t\t\t<div class=\"elementor-element elementor-element-ec8cfab main-title animated-slow elementor-invisible elementor-widget elementor-widget-heading\" data-id=\"ec8cfab\" data-element_type=\"widget\" data-e-type=\"widget\" data-settings=\"{&quot;_animation&quot;:&quot;fadeInRight&quot;,&quot;_animation_delay&quot;:200}\" data-widget_type=\"heading.default\">\n\t\t\t\t\t<h1 class=\"elementor-heading-title elementor-size-default\">Mentions l\u00e9gales<\/h1>\t\t\t\t<\/div>\n\t\t\t\t\t<\/div>\n\t\t\t\t<\/div>\n\t\t<div data-particle_enable=\"false\" data-particle-mobile-disabled=\"false\" class=\"elementor-element elementor-element-e593530 legal-content-container e-flex e-con-boxed e-con e-parent\" data-id=\"e593530\" data-element_type=\"container\" data-e-type=\"container\">\n\t\t\t\t\t<div class=\"e-con-inner\">\n\t\t\t\t<div class=\"elementor-element elementor-element-ad116a1 elementor-widget elementor-widget-text-editor\" data-id=\"ad116a1\" data-element_type=\"widget\" data-e-type=\"widget\" data-widget_type=\"text-editor.default\">\n\t\t\t\t\t\t\t\t\t<h2>Pr\u00e9sentation et conditions d&rsquo;utilisation<\/h2><p>Ce site Internet permet de fournir l&rsquo;acc\u00e8s aux sites Internet du Casino Castell de Perelada S.L.U, \u00e0 ses services et \u00e0 ses contenus. Le fait de se connecter \u00e0 ce site Internet implique l&rsquo;acceptation des pr\u00e9sentes mentions l\u00e9gales. <\/p><h3>Information g\u00e9n\u00e9rale<\/h3><p>Le ch\u00e2teau appartient \u00e0 la soci\u00e9t\u00e9 Casino Castell de Perelada S.L.U. Nous souhaitons vous informer que nous respectons et observons les obligations l\u00e9gales en vigueur, ce \u00e0 quoi s&rsquo;engage \u00e9galement qui acc\u00e8de \u00e0 ce site Internet; nous d\u00e9clinons tout type de responsabilit\u00e9 si ce n&rsquo;est pas le cas.<\/p><p>Si vous souhaitez nous contacter au sujet des pr\u00e9sentes mentions l\u00e9gales, vous devez indiquer la r\u00e9f\u00e9rence suivante: Casino Peralada Mentions L\u00e9gales. Les coordonn\u00e9es du ch\u00e2teau sont les suivantes: Calle Pere II de Montcada, n\u00ba 1, CP 08034, Barcelone, Espagne; e-mail de contact: info@casinoperalada.com. Le num\u00e9ro d&rsquo;identification fiscale est A-17035940. Nous respectons l&rsquo;obligation d&rsquo;avoir enregistr\u00e9 au moins un des noms du domaine dont nous sommes titulaires dans le registre correspondant.  <\/p><p>Ces domaines sont la propri\u00e9t\u00e9 du casino et nous vous informons que tout autre similitude ou ressemblance existante ou pouvant exister ne poss\u00e8de aucun lien avec nous. Nous d\u00e9clinons par cons\u00e9quent toute responsabilit\u00e9 concernant la connexion \u00e0 une adresse Internet dont nous ne sommes pas propri\u00e9taires.<\/p><h3>Politique de protection des donn\u00e9es<\/h3><p>Casino Castell de Perelada S.L.U. respecte toutes les exigences d\u00e9finies par la r\u00e9glementation en vigueur en mati\u00e8re de protection des donn\u00e9es personnelles. Toutes les donn\u00e9es dont nous avons la responsabilit\u00e9 sont trait\u00e9es conform\u00e9ment aux exigences l\u00e9gales, et nous adoptons les mesures de s\u00e9curit\u00e9 n\u00e9cessaires, qu&rsquo;elles soient techniques ou organisationnelles, afin de garantir leur confidentialit\u00e9, conform\u00e9ment au R\u00e8glement 1720\/2007 du 21 d\u00e9cembre.<\/p><p>Conform\u00e9ment \u00e0 la Loi organique 15\/1999 sur la protection des donn\u00e9es personnelles (LOPD), par transposition de la r\u00e9glementation europ\u00e9enne de la Directive 1995\/46\/CE du Parlement europ\u00e9en et du Conseil du 24 octobre 1995, et la Directive 2002\/58\/CE du Parlement europ\u00e9en et du Conseil du 12 juillet 2002, nous vous informons que les donn\u00e9es personnelles que vous pouvez nous fournir seront trait\u00e9es de fa\u00e7on confidentielle et incorpor\u00e9es \u00e0 un fichier dont CASTELL PERALADA est responsable. Elles seront uniquement utilis\u00e9es pour vous transmettre des informations li\u00e9es \u00e0 l&rsquo;activit\u00e9 ou aux services du casino.<\/p><p>Nous vous informons \u00e9galement que vous pouvez exercer vos droits d&rsquo;acc\u00e8s, de rectification, d&rsquo;annulation et d&rsquo;opposition en \u00e9crivant \u00e0 l&rsquo;adresse d\u00e9taill\u00e9e dans la section appel\u00e9e Information g\u00e9n\u00e9rale des mentions l\u00e9gales et en indiquant la r\u00e9f\u00e9rence: Protection des donn\u00e9es Casino Castell de Perelada S.L.U.<\/p><p>Nous vous informons que vos donn\u00e9es personnelles ne seront ni segment\u00e9es, ni utilis\u00e9es \u00e0 d&rsquo;autres fins commerciales que celles ayant \u00e9t\u00e9 expos\u00e9es.<\/p><p>Notre site Internet ne contient aucun hyperlien qui permet de communiquer vos donn\u00e9es \u00e0 d&rsquo;autres sites Internet. Il n&rsquo;existe pas sur le site aucun traitement invisible des donn\u00e9es personnelles.<\/p><p>Dans le cas o\u00f9 vous nous fournissez vos donn\u00e9es, nous comprenons donc que vous nous autorisez express\u00e9ment \u00e0 en effectuer le traitement conform\u00e9ment aux paragraphes pr\u00e9c\u00e9dents.<\/p><h3>Propri\u00e9t\u00e9 intellectuelle<\/h3><p>Casino Castillo de Perelada S.L.U se r\u00e9serve tous les droits de propri\u00e9t\u00e9 intellectuelle et industrielle sur les contenus du site. Toute exploitation, modification, reproduction, diffusion, transformation, distribution, transmission par un quelconque moyen, publication post\u00e9rieure, exhibition, communication publique ou repr\u00e9sentation totale ou m\u00eame partielle, est strictement interdite sauf autorisation pr\u00e9alable, expresse et par \u00e9crit.<\/p><h3>Exclusion de responsabilit\u00e9<\/h3><p>Casino Castell de Perelada S.L.U. d\u00e9cline tout type de responsabilit\u00e9 qui pourrait d\u00e9couler d&rsquo;une mauvaise utilisation de la part des internautes, d&rsquo;un virus ou de probl\u00e8mes de connexion, de la disponibilit\u00e9 ou de la continuit\u00e9, que ce soit vers notre site Internet ou vers l&rsquo;un des sites du groupe Peralada qui apparaissent comme hyperliens sur notre site.<\/p><p>En ce qui concerne les liens ou les hyperliens, Casino Castell de Perelada S.L.U. d\u00e9cline toute responsabilit\u00e9 pour ceux qui renvoient \u00e0 notre site Internet et, dans le cas de ceux qui sont affich\u00e9s sur notre site, ils le sont \u00e0 titre informatif.<\/p><h3>Possibilit\u00e9 de modification<\/h3><p>Casino Castell de Perelada S.L.U. se r\u00e9serve le droit de modifier, de corriger ou d&rsquo;am\u00e9liorer \u00e0 tout moment et sans avis pr\u00e9alable les informations, les produits et les programmes d\u00e9crits. Casino Castell de Perelada S.L.U. se r\u00e9serve le droit de modifier \u00e0 tout moment et sans avis pr\u00e9alable les mentions l\u00e9gales.<\/p><h3>Loi applicable et juridiction<\/h3><p>Pour toute controverse li\u00e9e aux pr\u00e9sentes mentions l\u00e9gales, les parties acceptent d&rsquo;\u00eatre soumises express\u00e9ment au Tribunal de Barcelone (Espagne) et \u00e0 la l\u00e9gislation espagnole et catalane correspondante.<\/p>\t\t\t\t\t\t\t\t<\/div>\n\t\t\t\t\t<\/div>\n\t\t\t\t<\/div>\n\t\t\t\t<\/div>\n\t\t","protected":false},"excerpt":{"rendered":"<p>Mentions l\u00e9gales Pr\u00e9sentation et conditions d&rsquo;utilisation Ce site Internet permet de fournir l&rsquo;acc\u00e8s aux sites Internet du Casino Castell de Perelada S.L.U, \u00e0 ses services et \u00e0 ses contenus. Le fait de se connecter \u00e0 ce site Internet implique l&rsquo;acceptation des pr\u00e9sentes mentions l\u00e9gales. Information g\u00e9n\u00e9rale Le ch\u00e2teau appartient \u00e0 la soci\u00e9t\u00e9 Casino Castell de [&hellip;]<\/p>\n","protected":false},"author":1,"featured_media":0,"parent":0,"menu_order":0,"comment_status":"closed","ping_status":"closed","template":"","meta":{"footnotes":""},"class_list":["post-2589","page","type-page","status-publish","hentry"],"_links":{"self":[{"href":"https:\/\/castellperelada.atoom.space\/fr\/wp-json\/wp\/v2\/pages\/2589","targetHints":{"allow":["GET"]}}],"collection":[{"href":"https:\/\/castellperelada.atoom.space\/fr\/wp-json\/wp\/v2\/pages"}],"about":[{"href":"https:\/\/castellperelada.atoom.space\/fr\/wp-json\/wp\/v2\/types\/page"}],"author":[{"embeddable":true,"href":"https:\/\/castellperelada.atoom.space\/fr\/wp-json\/wp\/v2\/users\/1"}],"replies":[{"embeddable":true,"href":"https:\/\/castellperelada.atoom.space\/fr\/wp-json\/wp\/v2\/comments?post=2589"}],"version-history":[{"count":2,"href":"https:\/\/castellperelada.atoom.space\/fr\/wp-json\/wp\/v2\/pages\/2589\/revisions"}],"predecessor-version":[{"id":2612,"href":"https:\/\/castellperelada.atoom.space\/fr\/wp-json\/wp\/v2\/pages\/2589\/revisions\/2612"}],"wp:attachment":[{"href":"https:\/\/castellperelada.atoom.space\/fr\/wp-json\/wp\/v2\/media?parent=2589"}],"curies":[{"name":"wp","href":"https:\/\/api.w.org\/{rel}","templated":true}]}}