{"id":2380,"date":"2025-08-25T12:12:56","date_gmt":"2025-08-25T10:12:56","guid":{"rendered":"https:\/\/castellperelada.atoom.space\/blog\/"},"modified":"2025-10-23T12:29:41","modified_gmt":"2025-10-23T10:29:41","slug":"blog","status":"publish","type":"page","link":"https:\/\/castellperelada.atoom.space\/fr\/blog\/","title":{"rendered":"Blog"},"content":{"rendered":"\t\t<div data-elementor-type=\"wp-page\" data-elementor-id=\"2380\" class=\"elementor elementor-2380 elementor-29\" data-elementor-post-type=\"page\">\n\t\t\t\t<div data-particle_enable=\"false\" data-particle-mobile-disabled=\"false\" class=\"elementor-element elementor-element-440adda e-flex e-con-boxed e-con e-parent\" data-id=\"440adda\" data-element_type=\"container\" data-e-type=\"container\" data-settings=\"{&quot;background_background&quot;:&quot;classic&quot;}\">\n\t\t\t\t\t<div class=\"e-con-inner\">\n\t\t<div data-particle_enable=\"false\" data-particle-mobile-disabled=\"false\" class=\"elementor-element elementor-element-d1680c7 e-con-full e-flex e-con e-child\" data-id=\"d1680c7\" data-element_type=\"container\" data-e-type=\"container\" data-settings=\"{&quot;background_background&quot;:&quot;gradient&quot;,&quot;position&quot;:&quot;absolute&quot;}\">\n\t\t\t\t<\/div>\n\t\t<div data-particle_enable=\"false\" data-particle-mobile-disabled=\"false\" class=\"elementor-element elementor-element-41b805a e-con-full e-flex e-con e-child\" data-id=\"41b805a\" data-element_type=\"container\" data-e-type=\"container\">\n\t\t\t\t<div class=\"elementor-element elementor-element-c13daca animated-slow elementor-invisible elementor-widget elementor-widget-heading\" data-id=\"c13daca\" data-element_type=\"widget\" data-e-type=\"widget\" data-settings=\"{&quot;_animation&quot;:&quot;fadeInRight&quot;,&quot;_animation_delay&quot;:300}\" data-widget_type=\"heading.default\">\n\t\t\t\t\t<h2 class=\"elementor-heading-title elementor-size-default\">Notre blog<\/h2>\t\t\t\t<\/div>\n\t\t\t\t<div class=\"elementor-element elementor-element-11b3b12 main-title animated-slow elementor-invisible elementor-widget elementor-widget-heading\" data-id=\"11b3b12\" data-element_type=\"widget\" data-e-type=\"widget\" data-settings=\"{&quot;_animation&quot;:&quot;fadeInRight&quot;,&quot;_animation_delay&quot;:200}\" data-widget_type=\"heading.default\">\n\t\t\t\t\t<h1 class=\"elementor-heading-title elementor-size-default\">Notre passion, cr\u00e9er des exp\u00e9riences m\u00e9morables<\/h1>\t\t\t\t<\/div>\n\t\t\t\t<\/div>\n\t\t\t\t\t<\/div>\n\t\t\t\t<\/div>\n\t\t<div data-particle_enable=\"false\" data-particle-mobile-disabled=\"false\" class=\"elementor-element elementor-element-2cba5b4 e-flex e-con-boxed e-con e-parent\" data-id=\"2cba5b4\" data-element_type=\"container\" data-e-type=\"container\" data-settings=\"{&quot;background_background&quot;:&quot;classic&quot;}\">\n\t\t\t\t\t<div class=\"e-con-inner\">\n\t\t\t\t<div class=\"elementor-element elementor-element-a9523e7 posts-list elementor-grid-tablet-3 elementor-grid-mobile-2 elementor-grid-4 elementor-posts--thumbnail-top load-more-align-center elementor-widget elementor-widget-posts\" data-id=\"a9523e7\" data-element_type=\"widget\" data-e-type=\"widget\" data-settings=\"{&quot;classic_row_gap&quot;:{&quot;unit&quot;:&quot;px&quot;,&quot;size&quot;:32,&quot;sizes&quot;:[]},&quot;pagination_type&quot;:&quot;load_more_on_click&quot;,&quot;classic_columns_tablet&quot;:&quot;3&quot;,&quot;classic_columns_mobile&quot;:&quot;2&quot;,&quot;classic_columns&quot;:&quot;4&quot;,&quot;classic_row_gap_tablet&quot;:{&quot;unit&quot;:&quot;px&quot;,&quot;size&quot;:&quot;&quot;,&quot;sizes&quot;:[]},&quot;classic_row_gap_mobile&quot;:{&quot;unit&quot;:&quot;px&quot;,&quot;size&quot;:&quot;&quot;,&quot;sizes&quot;:[]},&quot;load_more_spinner&quot;:{&quot;value&quot;:&quot;fas fa-spinner&quot;,&quot;library&quot;:&quot;fa-solid&quot;}}\" data-widget_type=\"posts.classic\">\n\t\t\t\t<div class=\"elementor-widget-container\">\n\t\t\t\t\t\t\t<div class=\"elementor-posts-container elementor-posts elementor-posts--skin-classic elementor-grid\" role=\"list\">\n\t\t\t\t<article class=\"elementor-post elementor-grid-item post-2484 post type-post status-publish format-standard has-post-thumbnail hentry category-non-categorise\" role=\"listitem\">\n\t\t\t\t<a class=\"elementor-post__thumbnail__link\" href=\"https:\/\/castellperelada.atoom.space\/fr\/2025\/08\/26\/5-raisons-de-celebrer-votre-mariage-a-castell-perelada\/\" tabindex=\"-1\" >\n\t\t\t<div class=\"elementor-post__thumbnail\"><img fetchpriority=\"high\" decoding=\"async\" width=\"768\" height=\"768\" src=\"https:\/\/castellperelada.atoom.space\/wp-content\/uploads\/2025\/09\/blog-post-example-1-768x768.jpg\" class=\"attachment-medium_large size-medium_large wp-image-2297\" alt=\"\" srcset=\"https:\/\/castellperelada.atoom.space\/wp-content\/uploads\/2025\/09\/blog-post-example-1-768x768.jpg 768w, https:\/\/castellperelada.atoom.space\/wp-content\/uploads\/2025\/09\/blog-post-example-1-300x300.jpg 300w, https:\/\/castellperelada.atoom.space\/wp-content\/uploads\/2025\/09\/blog-post-example-1-150x150.jpg 150w, https:\/\/castellperelada.atoom.space\/wp-content\/uploads\/2025\/09\/blog-post-example-1.jpg 1000w\" sizes=\"(max-width: 768px) 100vw, 768px\" \/><\/div>\n\t\t<\/a>\n\t\t\t\t<div class=\"elementor-post__text\">\n\t\t\t\t<h2 class=\"elementor-post__title\">\n\t\t\t<a href=\"https:\/\/castellperelada.atoom.space\/fr\/2025\/08\/26\/5-raisons-de-celebrer-votre-mariage-a-castell-perelada\/\" >\n\t\t\t\t5 raisons de c\u00e9l\u00e9brer votre mariage \u00e0 Castell Perelada\t\t\t<\/a>\n\t\t<\/h2>\n\t\t\t\t<div class=\"elementor-post__meta-data\">\n\t\t\t\t\t<span class=\"elementor-post-date\">\n\t\t\t26  ao\u00fbt 2025\t\t<\/span>\n\t\t\t\t<\/div>\n\t\t\t\t<div class=\"elementor-post__excerpt\">\n\t\t\t<p>Au c\u0153ur de l\u2019Empord\u00e0, dans la province de G\u00e9rone, en Espagne, o\u00f9 l\u2019histoire se m\u00eale<\/p>\n\t\t<\/div>\n\t\t\t\t\t<div class=\"elementor-post__read-more-wrapper\">\n\t\t\n\t\t<a class=\"elementor-post__read-more\" href=\"https:\/\/castellperelada.atoom.space\/fr\/2025\/08\/26\/5-raisons-de-celebrer-votre-mariage-a-castell-perelada\/\" aria-label=\"En savoir plus sur 5 raisons de c\u00e9l\u00e9brer votre mariage \u00e0 Castell Perelada\" tabindex=\"-1\" >\n\t\t\tLire plus\t\t<\/a>\n\n\t\t\t\t\t<\/div>\n\t\t\t\t<\/div>\n\t\t\t\t<\/article>\n\t\t\t\t<article class=\"elementor-post elementor-grid-item post-2486 post type-post status-publish format-standard has-post-thumbnail hentry category-non-categorise\" role=\"listitem\">\n\t\t\t\t<a class=\"elementor-post__thumbnail__link\" href=\"https:\/\/castellperelada.atoom.space\/fr\/2025\/08\/26\/mariage-a-destination-sur-la-costa-brava-un-reve-devenu-realite\/\" tabindex=\"-1\" >\n\t\t\t<div class=\"elementor-post__thumbnail\"><img decoding=\"async\" width=\"768\" height=\"768\" src=\"https:\/\/castellperelada.atoom.space\/wp-content\/uploads\/2025\/09\/blog-post-example-2-768x768.jpg\" class=\"attachment-medium_large size-medium_large wp-image-2298\" alt=\"\" srcset=\"https:\/\/castellperelada.atoom.space\/wp-content\/uploads\/2025\/09\/blog-post-example-2-768x768.jpg 768w, https:\/\/castellperelada.atoom.space\/wp-content\/uploads\/2025\/09\/blog-post-example-2-300x300.jpg 300w, https:\/\/castellperelada.atoom.space\/wp-content\/uploads\/2025\/09\/blog-post-example-2-150x150.jpg 150w, https:\/\/castellperelada.atoom.space\/wp-content\/uploads\/2025\/09\/blog-post-example-2.jpg 1000w\" sizes=\"(max-width: 768px) 100vw, 768px\" \/><\/div>\n\t\t<\/a>\n\t\t\t\t<div class=\"elementor-post__text\">\n\t\t\t\t<h2 class=\"elementor-post__title\">\n\t\t\t<a href=\"https:\/\/castellperelada.atoom.space\/fr\/2025\/08\/26\/mariage-a-destination-sur-la-costa-brava-un-reve-devenu-realite\/\" >\n\t\t\t\tMariage \u00e0 Destination sur la Costa Brava: un r\u00eave devenu r\u00e9alit\u00e9\t\t\t<\/a>\n\t\t<\/h2>\n\t\t\t\t<div class=\"elementor-post__meta-data\">\n\t\t\t\t\t<span class=\"elementor-post-date\">\n\t\t\t26  ao\u00fbt 2025\t\t<\/span>\n\t\t\t\t<\/div>\n\t\t\t\t<div class=\"elementor-post__excerpt\">\n\t\t\t<p>De plus en plus de couples choisissent d\u2019organiser leur Mariage \u00e0 Destination en Espagne, afin<\/p>\n\t\t<\/div>\n\t\t\t\t\t<div class=\"elementor-post__read-more-wrapper\">\n\t\t\n\t\t<a class=\"elementor-post__read-more\" href=\"https:\/\/castellperelada.atoom.space\/fr\/2025\/08\/26\/mariage-a-destination-sur-la-costa-brava-un-reve-devenu-realite\/\" aria-label=\"En savoir plus sur Mariage \u00e0 Destination sur la Costa Brava: un r\u00eave devenu r\u00e9alit\u00e9\" tabindex=\"-1\" >\n\t\t\tLire plus\t\t<\/a>\n\n\t\t\t\t\t<\/div>\n\t\t\t\t<\/div>\n\t\t\t\t<\/article>\n\t\t\t\t<article class=\"elementor-post elementor-grid-item post-2488 post type-post status-publish format-standard has-post-thumbnail hentry category-non-categorise\" role=\"listitem\">\n\t\t\t\t<a class=\"elementor-post__thumbnail__link\" href=\"https:\/\/castellperelada.atoom.space\/fr\/2025\/08\/26\/espaces-pour-le-banquet-au-chateau-perelada-la-ou-se-celebrent-les-souvenirs\/\" tabindex=\"-1\" >\n\t\t\t<div class=\"elementor-post__thumbnail\"><img decoding=\"async\" width=\"768\" height=\"768\" src=\"https:\/\/castellperelada.atoom.space\/wp-content\/uploads\/2025\/09\/blog-post-example-3-768x768.jpg\" class=\"attachment-medium_large size-medium_large wp-image-2299\" alt=\"\" srcset=\"https:\/\/castellperelada.atoom.space\/wp-content\/uploads\/2025\/09\/blog-post-example-3-768x768.jpg 768w, https:\/\/castellperelada.atoom.space\/wp-content\/uploads\/2025\/09\/blog-post-example-3-300x300.jpg 300w, https:\/\/castellperelada.atoom.space\/wp-content\/uploads\/2025\/09\/blog-post-example-3-150x150.jpg 150w, https:\/\/castellperelada.atoom.space\/wp-content\/uploads\/2025\/09\/blog-post-example-3.jpg 1000w\" sizes=\"(max-width: 768px) 100vw, 768px\" \/><\/div>\n\t\t<\/a>\n\t\t\t\t<div class=\"elementor-post__text\">\n\t\t\t\t<h2 class=\"elementor-post__title\">\n\t\t\t<a href=\"https:\/\/castellperelada.atoom.space\/fr\/2025\/08\/26\/espaces-pour-le-banquet-au-chateau-perelada-la-ou-se-celebrent-les-souvenirs\/\" >\n\t\t\t\tEspaces pour le banquet au Ch\u00e2teau Perelada. L\u00e0 o\u00f9 se c\u00e9l\u00e8brent les souvenirs\t\t\t<\/a>\n\t\t<\/h2>\n\t\t\t\t<div class=\"elementor-post__meta-data\">\n\t\t\t\t\t<span class=\"elementor-post-date\">\n\t\t\t26  ao\u00fbt 2025\t\t<\/span>\n\t\t\t\t<\/div>\n\t\t\t\t<div class=\"elementor-post__excerpt\">\n\t\t\t<p>Le banquet de mariage est l\u2019un des instants les plus importants des noces: C\u2019est le<\/p>\n\t\t<\/div>\n\t\t\t\t\t<div class=\"elementor-post__read-more-wrapper\">\n\t\t\n\t\t<a class=\"elementor-post__read-more\" href=\"https:\/\/castellperelada.atoom.space\/fr\/2025\/08\/26\/espaces-pour-le-banquet-au-chateau-perelada-la-ou-se-celebrent-les-souvenirs\/\" aria-label=\"En savoir plus sur Espaces pour le banquet au Ch\u00e2teau Perelada. L\u00e0 o\u00f9 se c\u00e9l\u00e8brent les souvenirs\" tabindex=\"-1\" >\n\t\t\tLire plus\t\t<\/a>\n\n\t\t\t\t\t<\/div>\n\t\t\t\t<\/div>\n\t\t\t\t<\/article>\n\t\t\t\t<article class=\"elementor-post elementor-grid-item post-2490 post type-post status-publish format-standard has-post-thumbnail hentry category-non-categorise\" role=\"listitem\">\n\t\t\t\t<a class=\"elementor-post__thumbnail__link\" href=\"https:\/\/castellperelada.atoom.space\/fr\/2025\/08\/26\/scenes-uniques-pour-votre-ceremonie-au-chateau-de-peralada\/\" tabindex=\"-1\" >\n\t\t\t<div class=\"elementor-post__thumbnail\"><img fetchpriority=\"high\" decoding=\"async\" width=\"768\" height=\"768\" src=\"https:\/\/castellperelada.atoom.space\/wp-content\/uploads\/2025\/09\/blog-post-example-1-768x768.jpg\" class=\"attachment-medium_large size-medium_large wp-image-2297\" alt=\"\" srcset=\"https:\/\/castellperelada.atoom.space\/wp-content\/uploads\/2025\/09\/blog-post-example-1-768x768.jpg 768w, https:\/\/castellperelada.atoom.space\/wp-content\/uploads\/2025\/09\/blog-post-example-1-300x300.jpg 300w, https:\/\/castellperelada.atoom.space\/wp-content\/uploads\/2025\/09\/blog-post-example-1-150x150.jpg 150w, https:\/\/castellperelada.atoom.space\/wp-content\/uploads\/2025\/09\/blog-post-example-1.jpg 1000w\" sizes=\"(max-width: 768px) 100vw, 768px\" \/><\/div>\n\t\t<\/a>\n\t\t\t\t<div class=\"elementor-post__text\">\n\t\t\t\t<h2 class=\"elementor-post__title\">\n\t\t\t<a href=\"https:\/\/castellperelada.atoom.space\/fr\/2025\/08\/26\/scenes-uniques-pour-votre-ceremonie-au-chateau-de-peralada\/\" >\n\t\t\t\tSc\u00e8nes uniques pour votre c\u00e9r\u00e9monie au Ch\u00e2teau de Peralada\t\t\t<\/a>\n\t\t<\/h2>\n\t\t\t\t<div class=\"elementor-post__meta-data\">\n\t\t\t\t\t<span class=\"elementor-post-date\">\n\t\t\t26  ao\u00fbt 2025\t\t<\/span>\n\t\t\t\t<\/div>\n\t\t\t\t<div class=\"elementor-post__excerpt\">\n\t\t\t<p>Le Ch\u00e2teau de Peralada, \u00e9rig\u00e9 au XIVe si\u00e8cle par les Comtes de Peralada, conserve la<\/p>\n\t\t<\/div>\n\t\t\t\t\t<div class=\"elementor-post__read-more-wrapper\">\n\t\t\n\t\t<a class=\"elementor-post__read-more\" href=\"https:\/\/castellperelada.atoom.space\/fr\/2025\/08\/26\/scenes-uniques-pour-votre-ceremonie-au-chateau-de-peralada\/\" aria-label=\"En savoir plus sur Sc\u00e8nes uniques pour votre c\u00e9r\u00e9monie au Ch\u00e2teau de Peralada\" tabindex=\"-1\" >\n\t\t\tLire plus\t\t<\/a>\n\n\t\t\t\t\t<\/div>\n\t\t\t\t<\/div>\n\t\t\t\t<\/article>\n\t\t\t\t<\/div>\n\t\t\t\t\t<span class=\"e-load-more-spinner\">\n\t\t\t\t<svg aria-hidden=\"true\" class=\"e-font-icon-svg e-fas-spinner\" viewBox=\"0 0 512 512\" xmlns=\"http:\/\/www.w3.org\/2000\/svg\"><path d=\"M304 48c0 26.51-21.49 48-48 48s-48-21.49-48-48 21.49-48 48-48 48 21.49 48 48zm-48 368c-26.51 0-48 21.49-48 48s21.49 48 48 48 48-21.49 48-48-21.49-48-48-48zm208-208c-26.51 0-48 21.49-48 48s21.49 48 48 48 48-21.49 48-48-21.49-48-48-48zM96 256c0-26.51-21.49-48-48-48S0 229.49 0 256s21.49 48 48 48 48-21.49 48-48zm12.922 99.078c-26.51 0-48 21.49-48 48s21.49 48 48 48 48-21.49 48-48c0-26.509-21.491-48-48-48zm294.156 0c-26.51 0-48 21.49-48 48s21.49 48 48 48 48-21.49 48-48c0-26.509-21.49-48-48-48zM108.922 60.922c-26.51 0-48 21.49-48 48s21.49 48 48 48 48-21.49 48-48-21.491-48-48-48z\"><\/path><\/svg>\t\t\t<\/span>\n\t\t\n\t\t\t\t\t\t<\/div>\n\t\t\t\t<\/div>\n\t\t\t\t\t<\/div>\n\t\t\t\t<\/div>\n\t\t<div data-particle_enable=\"false\" data-particle-mobile-disabled=\"false\" class=\"elementor-element elementor-element-ff6c3c7 e-flex e-con-boxed e-con e-parent\" data-id=\"ff6c3c7\" data-element_type=\"container\" data-e-type=\"container\" data-settings=\"{&quot;background_background&quot;:&quot;classic&quot;,&quot;sticky&quot;:&quot;top&quot;,&quot;sticky_parent&quot;:&quot;yes&quot;,&quot;sticky_on&quot;:[&quot;desktop&quot;,&quot;tablet&quot;,&quot;mobile&quot;],&quot;sticky_offset&quot;:0,&quot;sticky_effects_offset&quot;:0,&quot;sticky_anchor_link_offset&quot;:0}\">\n\t\t\t\t\t<div class=\"e-con-inner\">\n\t\t\t\t<div class=\"elementor-element elementor-element-37a05c3 animated-slow elementor-invisible elementor-widget elementor-widget-heading\" data-id=\"37a05c3\" data-element_type=\"widget\" data-e-type=\"widget\" data-settings=\"{&quot;_animation&quot;:&quot;fadeIn&quot;,&quot;_animation_delay&quot;:200}\" data-widget_type=\"heading.default\">\n\t\t\t\t\t<h2 class=\"elementor-heading-title elementor-size-default\">Venez-vous nous voir?<\/h2>\t\t\t\t<\/div>\n\t\t\t\t<div class=\"elementor-element elementor-element-d8e71c2 animated-slow elementor-invisible elementor-widget elementor-widget-heading\" data-id=\"d8e71c2\" data-element_type=\"widget\" data-e-type=\"widget\" data-settings=\"{&quot;_animation&quot;:&quot;fadeIn&quot;,&quot;_animation_delay&quot;:300}\" data-widget_type=\"heading.default\">\n\t\t\t\t\t<h3 class=\"elementor-heading-title elementor-size-default\">Nous voulons vous accompagner d\u00e8s le premier instant pour faire de votre journ\u00e9e une exp\u00e9rience inoubliable.<\/h3>\t\t\t\t<\/div>\n\t\t\t\t<div class=\"elementor-element elementor-element-f3f50e2 animated-slow elementor-invisible elementor-widget elementor-widget-button\" data-id=\"f3f50e2\" data-element_type=\"widget\" data-e-type=\"widget\" data-settings=\"{&quot;_animation&quot;:&quot;fadeIn&quot;,&quot;_animation_delay&quot;:400}\" data-widget_type=\"button.default\">\n\t\t\t\t\t\t\t\t\t\t<a class=\"elementor-button elementor-button-link elementor-size-sm elementor-animation-grow\" href=\"https:\/\/castellperelada.atoom.space\/fr\/contactez-nous\/\">\n\t\t\t\t\t\t<span class=\"elementor-button-content-wrapper\">\n\t\t\t\t\t\t<span class=\"elementor-button-icon\">\n\t\t\t\t<svg xmlns=\"http:\/\/www.w3.org\/2000\/svg\" width=\"24\" height=\"24\" viewBox=\"0 0 24 24\" fill=\"none\"><path d=\"M16.75 5C16.75 5.16554 16.8472 5.48414 17.1113 5.94922C17.2979 6.27783 17.5376 6.62684 17.7969 6.9707L18.0615 7.3125L18.0625 7.31348C18.9681 8.45247 20.0438 9.43838 21.2676 10.1865C21.7364 10.473 22.2403 10.7443 22.7285 10.9424C23.2254 11.1439 23.6592 11.25 24 11.25V12.75C23.6592 12.75 23.2255 12.8561 22.7285 13.0576C22.24 13.2557 21.7358 13.527 21.2676 13.8135C20.1964 14.4691 19.2386 15.3057 18.4092 16.2666L18.0615 16.6865C17.7028 17.1366 17.3603 17.6131 17.1113 18.0518C16.8472 18.5174 16.75 18.8356 16.75 19H15.25C15.25 18.4245 15.519 17.8174 15.8066 17.3105C16.1096 16.7766 16.5055 16.2328 16.8887 15.752C17.8092 14.5959 18.9017 13.5692 20.1504 12.75H0V11.25H20.1494C18.9009 10.4315 17.8082 9.40487 16.8877 8.24707V8.24609C16.5049 7.76616 16.1095 7.22269 15.8066 6.68945C15.5189 6.18263 15.25 5.57626 15.25 5H16.75Z\" fill=\"#B54E5F\"><\/path><\/svg>\t\t\t<\/span>\n\t\t\t\t\t\t\t\t\t<span class=\"elementor-button-text\">R\u00e9servez une visite<\/span>\n\t\t\t\t\t<\/span>\n\t\t\t\t\t<\/a>\n\t\t\t\t\t\t\t\t<\/div>\n\t\t\t\t\t<\/div>\n\t\t\t\t<\/div>\n\t\t\t\t<\/div>\n\t\t","protected":false},"excerpt":{"rendered":"<p>Notre blog Notre passion, cr\u00e9er des exp\u00e9riences m\u00e9morables Venez-vous nous voir? Nous voulons vous accompagner d\u00e8s le premier instant pour faire de votre journ\u00e9e une exp\u00e9rience inoubliable. R\u00e9servez une visite<\/p>\n","protected":false},"author":1,"featured_media":0,"parent":0,"menu_order":0,"comment_status":"closed","ping_status":"closed","template":"","meta":{"footnotes":""},"class_list":["post-2380","page","type-page","status-publish","hentry"],"_links":{"self":[{"href":"https:\/\/castellperelada.atoom.space\/fr\/wp-json\/wp\/v2\/pages\/2380","targetHints":{"allow":["GET"]}}],"collection":[{"href":"https:\/\/castellperelada.atoom.space\/fr\/wp-json\/wp\/v2\/pages"}],"about":[{"href":"https:\/\/castellperelada.atoom.space\/fr\/wp-json\/wp\/v2\/types\/page"}],"author":[{"embeddable":true,"href":"https:\/\/castellperelada.atoom.space\/fr\/wp-json\/wp\/v2\/users\/1"}],"replies":[{"embeddable":true,"href":"https:\/\/castellperelada.atoom.space\/fr\/wp-json\/wp\/v2\/comments?post=2380"}],"version-history":[{"count":4,"href":"https:\/\/castellperelada.atoom.space\/fr\/wp-json\/wp\/v2\/pages\/2380\/revisions"}],"predecessor-version":[{"id":2744,"href":"https:\/\/castellperelada.atoom.space\/fr\/wp-json\/wp\/v2\/pages\/2380\/revisions\/2744"}],"wp:attachment":[{"href":"https:\/\/castellperelada.atoom.space\/fr\/wp-json\/wp\/v2\/media?parent=2380"}],"curies":[{"name":"wp","href":"https:\/\/api.w.org\/{rel}","templated":true}]}}