{"id":2581,"date":"2025-08-25T12:25:37","date_gmt":"2025-08-25T10:25:37","guid":{"rendered":"https:\/\/castellperelada.atoom.space\/avis-legal\/"},"modified":"2025-10-20T14:53:03","modified_gmt":"2025-10-20T12:53:03","slug":"avis-legal","status":"publish","type":"page","link":"https:\/\/castellperelada.atoom.space\/ca\/avis-legal\/","title":{"rendered":"Av\u00eds legal"},"content":{"rendered":"\t\t<div data-elementor-type=\"wp-page\" data-elementor-id=\"2581\" class=\"elementor elementor-2581 elementor-55\" data-elementor-post-type=\"page\">\n\t\t\t\t<div data-particle_enable=\"false\" data-particle-mobile-disabled=\"false\" class=\"elementor-element elementor-element-ae87c44 e-flex e-con-boxed e-con e-parent\" data-id=\"ae87c44\" data-element_type=\"container\" data-e-type=\"container\" data-settings=\"{&quot;background_background&quot;:&quot;classic&quot;}\">\n\t\t\t\t\t<div class=\"e-con-inner\">\n\t\t\t\t<div class=\"elementor-element elementor-element-ec8cfab main-title animated-slow elementor-invisible elementor-widget elementor-widget-heading\" data-id=\"ec8cfab\" data-element_type=\"widget\" data-e-type=\"widget\" data-settings=\"{&quot;_animation&quot;:&quot;fadeInRight&quot;,&quot;_animation_delay&quot;:200}\" data-widget_type=\"heading.default\">\n\t\t\t\t\t<h1 class=\"elementor-heading-title elementor-size-default\">Av\u00eds legal<\/h1>\t\t\t\t<\/div>\n\t\t\t\t\t<\/div>\n\t\t\t\t<\/div>\n\t\t<div data-particle_enable=\"false\" data-particle-mobile-disabled=\"false\" class=\"elementor-element elementor-element-e593530 legal-content-container e-flex e-con-boxed e-con e-parent\" data-id=\"e593530\" data-element_type=\"container\" data-e-type=\"container\">\n\t\t\t\t\t<div class=\"e-con-inner\">\n\t\t\t\t<div class=\"elementor-element elementor-element-ad116a1 elementor-widget elementor-widget-text-editor\" data-id=\"ad116a1\" data-element_type=\"widget\" data-e-type=\"widget\" data-widget_type=\"text-editor.default\">\n\t\t\t\t\t\t\t\t\t<h2>Presentaci\u00f3 i condicions d&#8217;\u00fas<\/h2><p>Mitjan\u00e7ant aquesta p\u00e0gina web es facilita l\u2019acc\u00e9s a les p\u00e0gines web del Casino Castillo de Perelada S.L.U. i els seus serveis i continguts. El fet de connectar-se a aquesta p\u00e0gina web implica l\u2019acceptaci\u00f3 del present Av\u00eds Legal. <\/p><h3>Informaci\u00f3 General<\/h3><p>El Castell pertany a la societat Casino Castillo de Perelada S.L.U. i posem en coneixement seu que respectem i observem les obligacions legals vigents al que tamb\u00e9 es compromet qui accedeixi a la present web per la qual cosa declinem qualsevol tipus de responsabilitat en cas contrari.<\/p><p>En cas que volgu\u00e9s posar-se en contacte amb nosaltres en refer\u00e8ncia al present av\u00eds legal s&#8217;haur\u00e0 d&#8217;indicar la seg\u00fcent refer\u00e8ncia: Gran Casino Castillo de Perelada S.L.U. Av\u00eds Legal. Les dades del Casino s\u00f3n les seg\u00fcents: Carrer Pere II de Montcada, n\u00fam. 1, CP 08034 de Barcelona; e-mail de contacte: info@casinoperalada.com. El NIF \u00e9s A-17035940 i complim amb l&#8217;obligaci\u00f3 de posseir registrats com a m\u00ednim un dels noms de domini dels que som titulars al Registre corresponent.  <\/p><p>Aquests s\u00f3n els dominis titularitat del Casino i l&#8217;informem que qualsevol altre similar o semblant que existeixi o pugui existir no t\u00e9 cap relaci\u00f3 amb nosaltres, per la qual cosa no assumim cap responsabilitat per la connexi\u00f3 a alguna adre\u00e7a web que no sigui de la nostra titularitat.<\/p><h3>Pol\u00edtica de Protecci\u00f3 de Dades<\/h3><p>Casino Castillo de Perelada S.L.U. compleix tots els requisits establerts per la normativa vigent en mat\u00e8ria de protecci\u00f3 de dades personals, i totes les dades sota la nostra responsabilitat han estat tractades d&#8217;acord amb les exig\u00e8ncies legals, guardant-se degudament les mesures de seguretat tant t\u00e8cniques com organitzatives, que garanteixen la seva confidencialitat, segons el Reglament 1720\/2007, del 21 de desembre.<\/p><p>De conformitat amb la Llei Org\u00e0nica 15\/1999 sobre Protecci\u00f3 de Dades Personals (LOPD), en transposici\u00f3 de la normativa europea de la Directiva 1995\/46\/CE del Parlament Europeu i del Consell, del 24 d\u2019octubre de 1995 i la Directiva 2002\/58\/CE del Parlament Europeu i del Consell, del 12 de juliol de 2002, l\u2019informem que les dades personals que ens pugui facilitar, seran tractades amb confidencialitat i incorporades a un fitxer responsabilitat de CASINO CASTILLO DE PERELADA S.L.U. i seran utilitzades \u00fanicament per a remetre-li informaci\u00f3 relacionada amb l\u2019activitat o serveis del Casino.<\/p><p>Aix\u00ed mateix, l&#8217;informem que podr\u00e0 exercir els seus drets d&#8217;acc\u00e9s, rectificaci\u00f3, cancel\u00b7laci\u00f3 i oposici\u00f3, dirigint-se per escrit a l&#8217;adre\u00e7a detallada a l&#8217;apartat denominat Informaci\u00f3 General de l&#8217;Av\u00eds Legal indicant la refer\u00e8ncia: Protecci\u00f3 de Dades Casino Castillo de Perelada S.L.U.<\/p><p>Posem en el seu coneixement que les seves dades personals no seran segmentats ni utilitzades amb altres finalitats comercials que les exposades.<\/p><p>A la nostra p\u00e0gina Web no existeixen Hipervincles que permetin la comunicaci\u00f3 de les seves dades a altres p\u00e0gines Web i tampoc existeixen tractaments invisibles de dades personals.<\/p><p>Per tant, entendrem que en el sup\u00f2sit de facilitar-nos les seves dades ens autoritza expressament per a realitzar-ne el tractament conforme amb all\u00f2 descrit anteriorment.<\/p><h3>Propietat Intel\u00b7lectual<\/h3><p>El Casino Castillo de Perelada S.L.U. es reserva tots els drets de propietat intel\u00b7lectual i industrial sobre els continguts del portal i queden prohibits l&#8217;explotaci\u00f3, modificaci\u00f3, reproducci\u00f3, difusi\u00f3, transformaci\u00f3, distribuci\u00f3, transmissi\u00f3 per qualsevol mitj\u00e0, posterior publicaci\u00f3, exhibici\u00f3, comunicaci\u00f3 p\u00fablica o representaci\u00f3 total o parcial sense la nostra autoritzaci\u00f3 pr\u00e8via, expressa i per escrit.<\/p><h3>Exclusi\u00f3 de responsabilitat<\/h3><p>El Casino Castillo de Perelada S.L.U. declina qualsevol tipus de responsabilitat que es pogu\u00e9s derivar per un incorrecte \u00fas per part dels internautes, aix\u00ed com per virus o problemes de connexi\u00f3, disponibilitat o continu\u00eftat sigui a la nostra p\u00e0gina web o a algun dels portals del Grup Peralada que apareguin com a hipervincles a la nostra web.<\/p><p>Respecte als enlla\u00e7os o hiperenlla\u00e7os el Casino Castillo de Perelada S.L.U. declina tota responsabilitat per aquells que remetin a la nostra p\u00e0gina web i en el cas d&#8217;aquells que apareguin a la nostra p\u00e0gina la connexi\u00f3 ho faran a t\u00edtol informatiu.<\/p><h3>Possibilitat de Modificaci\u00f3<\/h3><p>Casino Castillo de Perelada S.L.U. es reserva el dret de modificar, corregir o millorar la informaci\u00f3, els productes i programes descrits a la informaci\u00f3, en qualsevol moment i sense previ av\u00eds.<\/p><h3>Llei aplicable i jurisdicci\u00f3<\/h3><p>Per a qualsevol controv\u00e8rsia relacionada amb el present av\u00eds legal les parts accepten la supeditaci\u00f3 expr\u00e9s als jutjats de Barcelona (Espanya) i la legislaci\u00f3 estatal i catalana corresponent.<\/p>\t\t\t\t\t\t\t\t<\/div>\n\t\t\t\t\t<\/div>\n\t\t\t\t<\/div>\n\t\t\t\t<\/div>\n\t\t","protected":false},"excerpt":{"rendered":"<p>Av\u00eds legal Presentaci\u00f3 i condicions d&#8217;\u00fas Mitjan\u00e7ant aquesta p\u00e0gina web es facilita l\u2019acc\u00e9s a les p\u00e0gines web del Casino Castillo de Perelada S.L.U. i els seus serveis i continguts. El fet de connectar-se a aquesta p\u00e0gina web implica l\u2019acceptaci\u00f3 del present Av\u00eds Legal. Informaci\u00f3 General El Castell pertany a la societat Casino Castillo de Perelada [&hellip;]<\/p>\n","protected":false},"author":1,"featured_media":0,"parent":0,"menu_order":0,"comment_status":"closed","ping_status":"closed","template":"","meta":{"footnotes":""},"class_list":["post-2581","page","type-page","status-publish","hentry"],"_links":{"self":[{"href":"https:\/\/castellperelada.atoom.space\/ca\/wp-json\/wp\/v2\/pages\/2581","targetHints":{"allow":["GET"]}}],"collection":[{"href":"https:\/\/castellperelada.atoom.space\/ca\/wp-json\/wp\/v2\/pages"}],"about":[{"href":"https:\/\/castellperelada.atoom.space\/ca\/wp-json\/wp\/v2\/types\/page"}],"author":[{"embeddable":true,"href":"https:\/\/castellperelada.atoom.space\/ca\/wp-json\/wp\/v2\/users\/1"}],"replies":[{"embeddable":true,"href":"https:\/\/castellperelada.atoom.space\/ca\/wp-json\/wp\/v2\/comments?post=2581"}],"version-history":[{"count":4,"href":"https:\/\/castellperelada.atoom.space\/ca\/wp-json\/wp\/v2\/pages\/2581\/revisions"}],"predecessor-version":[{"id":2610,"href":"https:\/\/castellperelada.atoom.space\/ca\/wp-json\/wp\/v2\/pages\/2581\/revisions\/2610"}],"wp:attachment":[{"href":"https:\/\/castellperelada.atoom.space\/ca\/wp-json\/wp\/v2\/media?parent=2581"}],"curies":[{"name":"wp","href":"https:\/\/api.w.org\/{rel}","templated":true}]}}